{"id":45,"date":"2018-04-12T13:46:44","date_gmt":"2018-04-12T11:46:44","guid":{"rendered":"https:\/\/www.solutec.fr\/en\/?page_id=45"},"modified":"2019-03-06T17:39:00","modified_gmt":"2019-03-06T16:39:00","slug":"legal-information","status":"publish","type":"page","link":"https:\/\/www.solutec.fr\/en\/legal-information\/","title":{"rendered":"Legal information"},"content":{"rendered":"<p>Les pr\u00e9sentes Conditions G\u00e9n\u00e9rales d&#8217;Utilisation ont pour objet de d\u00e9finir les modalit\u00e9s d&#8217;acc\u00e8s et d&#8217;utilisation du site web&nbsp;<a href=\"https:\/\/www.solutec.fr\/\">https:\/\/www.solutec.fr<\/a>. La consultation de ce site est subordonn\u00e9e \u00e0 l&#8217;acceptation int\u00e9grale et au respect des pr\u00e9sentes Conditions G\u00e9n\u00e9rales d&#8217;Utilisation que SOLUTEC se r\u00e9serve le droit de modifier ou de mettre \u00e0 jour \u00e0 tout moment.<\/p>\n<h1>EDITEUR DU SITE<\/h1>\n<p>Le site&nbsp;<a href=\"https:\/\/www.solutec.fr\/\">https:\/\/www.solutec.fr<\/a>&nbsp;est \u00e9dit\u00e9 par la soci\u00e9t\u00e9 SOLUTEC avec la collaboration de la soci\u00e9t\u00e9 Kernix pour la conception, la r\u00e9alisation et la maintenance.<\/p>\n<p>SOLUTEC<br \/>\nS.A.S au capital de 1 044 000 \u20ac<br \/>\n381 345 941 R.C.S. Lyon<br \/>\n63 Avenue Galline<br \/>\nCS&nbsp;60275<br \/>\n69625 VILLEURBANNE CEDEX<\/p>\n<p>Tel :&nbsp; +33 (0)4 78 64 32 92<br \/>\nEmail :&nbsp;<a href=\"mailto:solutec@solutec.fr\">solutec@solutec.fr<\/a><br \/>\nDirecteur de la publication : M. Jean BRUYERE<\/p>\n<h1>H\u00c9BERGEMENT DU SITE<\/h1>\n<p>OVH &#8211; 2 rue Kellermann &#8211; 59100 ROUBAIX<\/p>\n<p>Tel : +33 9 72 20 20 20<br \/>\n<a href=\"https:\/\/www.ovh.com\/\" target=\"_blank\" rel=\"noopener\">https:\/\/www.ovh.com<\/a><\/p>\n<h1>INFORMATIONS DISPONIBLES SUR LE SITE<\/h1>\n<p>Ce site constitue une pr\u00e9sentation g\u00e9n\u00e9rale de la gamme des produits et services de SOLUTEC. Vous y trouverez \u00e9galement une pr\u00e9sentation de nos opportunit\u00e9s de carri\u00e8re. SOLUTEC met tout en \u0153uvre pour vous fournir des informations correctes, v\u00e9rifi\u00e9es et compl\u00e8tes, dans la limite toutefois de ses connaissances et des informations mises \u00e0 sa disposition. Nous sommes \u00e0 votre disposition pour toute demande d&#8217;information compl\u00e9mentaire.<\/p>\n<h1>PROPRI\u00c9T\u00c9 INTELLECTUELLE<\/h1>\n<p>Le pr\u00e9sent site et l&#8217;ensemble des \u00e9l\u00e9ments le composant sont la propri\u00e9t\u00e9 de SOLUTEC. Les informations, pictogrammes, photographies, images, textes, s\u00e9quences vid\u00e9o, et autres documents pr\u00e9sents sur le site sont la propri\u00e9t\u00e9 de SOLUTEC ou de ses partenaires l&#8217;ayant autoris\u00e9 \u00e0 les utiliser. Toute reproduction, totale ou partielle, et toute repr\u00e9sentation substantielle du contenu de ce site, d&#8217;un ou de plusieurs de ses composants, par quelques proc\u00e9d\u00e9 que ce soit, sans autorisation expresse de SOLUTEC, est interdite, et constitue une contrefa\u00e7on au regard des articles L.335-2 et suivants du Code de la Propri\u00e9t\u00e9 Intellectuelle.<br \/>\nA ce titre toute reproduction, repr\u00e9sentation, adaptation, traduction et\/ou modification, ou transfert sur un autre site sont interdits.<br \/>\nConform\u00e9ment \u00e0 l&#8217;article L.122-5 du code de la Propri\u00e9t\u00e9 Intellectuelle, la copie sur support papier ou informatique \u00e0 usage priv\u00e9 est autoris\u00e9e.<\/p>\n<h1>LIENS HYPERTEXTES<\/h1>\n<p>L&#8217;utilisation de liens hypertextes pointant sur ce site est interdite sans autorisation pr\u00e9alable et \u00e9crite de SOLUTEC. Si vous souhaitez cr\u00e9er un lien hypertexte vers ce site merci de vous adresser \u00e0&nbsp;<a href=\"mailto:solutec@solutec.fr\">solutec@solutec.fr<\/a>.<\/p>\n<h1>LIMITATIONS DE RESPONSABILIT\u00c9<\/h1>\n<p>SOLUTEC met tout en \u0153uvre pour offrir aux utilisateurs des contenus v\u00e9rifi\u00e9s et disponibles, mais ne saurait \u00eatre tenu pour responsable des erreurs, absences de disponibilit\u00e9 de fonctionnalit\u00e9s et de la pr\u00e9sence de virus sur son site. Le site contient des liens vers d&#8217;autres sites Web ou d&#8217;autres sources Internet. Dans la mesure o\u00f9 SOLUTEC ne peut contr\u00f4ler ces sites, nous ne pouvons \u00eatre tenu pour responsable du contenu, publicit\u00e9s, produits, services disponible sur ou \u00e0 partir de ces sites. Il vous appartient de prendre toutes les mesures appropri\u00e9es de fa\u00e7on \u00e0 prot\u00e9ger vos propres donn\u00e9es et\/ou logiciels de la contamination par des \u00e9ventuels virus circulant sur le r\u00e9seau internet.<\/p>\n<h1>DONN\u00c9ES PERSONNELLES<\/h1>\n<p>SOLUTEC, l\u2019exploitant du site solutec.fr, attache une importance toute particuli\u00e8re \u00e0 la protection et \u00e0 la confidentialit\u00e9 de vos donn\u00e9es personnelles. Au cours de votre navigation sur solutec.fr, aucune donn\u00e9e \u00e0 caract\u00e8re personnel n&#8217;est collect\u00e9e \u00e0 votre insu. Les seules informations personnelles recueillies sont celles indispensables au traitement de vos demandes d&#8217;information et\/ou candidatures.<\/p>\n<p>La suite de cette section d\u00e9taille la fa\u00e7on dont SOLUTEC utilise vos donn\u00e9es, les droits dont vous disposez concernant la protection de vos donn\u00e9es personnelles, et la fa\u00e7on dont vous pouvez les exercer.<\/p>\n<h2>Protection de vos donn\u00e9es de candidature<\/h2>\n<p>Vos donn\u00e9es de candidature sont informatis\u00e9es. Elles seront trait\u00e9es de mani\u00e8re confidentielle. Sauf instruction contraire de votre part, nous cessons de traiter vos donn\u00e9es 24 mois apr\u00e8s le dernier contact.<\/p>\n<p>Vos donn\u00e9es sont collect\u00e9es \u00e0 des fins de gestion du recrutement. Les informations enregistr\u00e9es sont conserv\u00e9es dans l\u2019Union Europ\u00e9enne (UE). Elles sont r\u00e9serv\u00e9es aux recruteurs de SOLUTEC et ne peuvent \u00eatre communiqu\u00e9es qu\u2019\u00e0 notre sous-traitant h\u00e9bergeur, lequel s\u2019engage \u00e0 respecter la r\u00e9glementation en vigueur. Nous ne communiquons pas vos donn\u00e9es \u00e0 d\u2019autres entit\u00e9s.<\/p>\n<h2>Protection de vos donn\u00e9es de contact<\/h2>\n<p>Les informations collect\u00e9es avec votre consentement sur notre formulaire de contact sont enregistr\u00e9es dans un fichier informatis\u00e9 par SOLUTEC pour nous permettre de vous recontacter.<\/p>\n<p>Elles sont destin\u00e9es \u00e0 SOLUTEC exclusivement. Aucune donn\u00e9e \u00e0 caract\u00e8re personnel n&#8217;est communiqu\u00e9e par SOLUTEC \u00e0 des tiers. Ces donn\u00e9es sont conserv\u00e9es jusqu\u2019\u00e0 la fin du traitement de votre demande.<\/p>\n<h2>Cookies<\/h2>\n<p>Un cookie est une suite d\u2019informations envoy\u00e9e par un site Internet \u00e0 votre ordinateur lors de la navigation, et que votre navigateur renvoie au site \u00e0 chaque visite. SOLUTEC utilise des cookies pour favoriser votre navigation sur son site. Les donn\u00e9es sont collect\u00e9es de fa\u00e7on anonyme. Vous pouvez configurer votre navigateur internet pour refuser les cookies envoy\u00e9s par les sites que vous visitez.<br \/>\n&nbsp;<\/p>\n<p><iframe src=\"https:\/\/matomo.solutec.fr\/index.php?module=CoreAdminHome&amp;action=optOut&amp;language=fr&amp;backgroundColor=&amp;fontColor=545759&amp;fontSize=1rem&amp;fontFamily=Roboto%2CArial%2Csans-serif\" style=\"border: 0; height:250px; width: 100%;\"><\/iframe><\/p>\n<h2>S\u00e9curit\u00e9 de vos donn\u00e9es personnelles<\/h2>\n<p>SOLUTEC met en \u0153uvre toutes les pr\u00e9cautions utiles et raisonnables pour pr\u00e9server la s\u00e9curit\u00e9 et la confidentialit\u00e9 des donn\u00e9es \u00e0 caract\u00e8re personnelles trait\u00e9es. L\u2019entreprise fait r\u00e9guli\u00e8rement \u00e9voluer son syst\u00e8me d\u2019information pour assurer un niveau de s\u00e9curit\u00e9 \u00e9lev\u00e9.<\/p>\n<p>La politique de gestion des habilitations mise en \u0153uvre par SOLUTEC permet de limiter les acc\u00e8s aux donn\u00e9es personnelles aux seuls collaborateurs dont le poste exige un tel acc\u00e8s. Ceux-ci sont form\u00e9s \u00e0 la protection des donn\u00e9es personnelles.<\/p>\n<h2>Vos droits en mati\u00e8re de protection des donn\u00e9es personnelles<\/h2>\n<p>Conform\u00e9ment \u00e0 la l\u00e9gislation en vigueur relative \u00e0 la protection des donn\u00e9es personnelles, vous disposez d&#8217;un droit d&#8217;acc\u00e8s, de rectification et de suppression des donn\u00e9es vous concernant. Vous disposez aussi d\u2019un droit \u00e0 la limitation du traitement de vos donn\u00e9es, ainsi que d\u2019un droit \u00e0 la portabilit\u00e9 de celles-ci.<\/p>\n<p>Vous pouvez \u00e9galement vous opposer \u00e0 tout moment au traitement de vos donn\u00e9es pour des motifs l\u00e9gitimes, et que vous disposez du droit de retirer votre consentement. Vous avez aussi la possibilit\u00e9 d\u2019introduire une r\u00e9clamation aupr\u00e8s de l\u2019autorit\u00e9 de contr\u00f4le.<\/p>\n<p>Vous pouvez exercer vos droits ou nous adresser vos questions concernant le traitement de vos donn\u00e9es personnelles en contactant notre D\u00e9l\u00e9gu\u00e9 \u00e0 la Protection des Donn\u00e9es par courrier postal \u00e0 l\u2019adresse&nbsp;:<\/p>\n<p>&nbsp;<\/p>\n<p>SOLUTEC \u2013 \u00e0 l\u2019attention du D\u00e9l\u00e9gu\u00e9 \u00e0 la Protection des Donn\u00e9es<br \/>\n63 Avenue Galline<br \/>\nCS&nbsp;60275<br \/>\n69625 VILLEURBANNE CEDEX<\/p>\n<p>&nbsp;<\/p>\n<p>N\u2019oubliez pas de joindre \u00e0 votre courrier votre adresse de contact (notamment adresse email) ainsi que&nbsp;<strong>les documents prouvant votre identit\u00e9<\/strong>&nbsp;afin que nous puissions traiter votre demande.<\/p>\n<h1>LOI APPLICABLE<\/h1>\n<p>Les pr\u00e9sentes Conditions G\u00e9n\u00e9rales d&#8217;Utilisation sont soumises au droit fran\u00e7ais. Tout litige relatif \u00e0 l&#8217;interpr\u00e9tation ou \u00e0 l&#8217;ex\u00e9cution des pr\u00e9sentes rel\u00e8ve des tribunaux comp\u00e9tents de Lyon &#8211; FRANCE.<\/p>\n","protected":false},"excerpt":{"rendered":"<p>Les pr\u00e9sentes Conditions G\u00e9n\u00e9rales d&#8217;Utilisation ont pour objet de d\u00e9finir les modalit\u00e9s d&#8217;acc\u00e8s et d&#8217;utilisation du site web&nbsp;https:\/\/www.solutec.fr. La consultation de ce site est subordonn\u00e9e \u00e0 l&#8217;acceptation int\u00e9grale et au respect des pr\u00e9sentes Conditions G\u00e9n\u00e9rales d&#8217;Utilisation que SOLUTEC se r\u00e9serve le droit de modifier ou de mettre \u00e0 jour \u00e0 tout moment. EDITEUR DU SITE [&hellip;]<\/p>\n","protected":false},"author":1,"featured_media":0,"parent":0,"menu_order":0,"comment_status":"closed","ping_status":"closed","template":"","meta":{"_acf_changed":false,"footnotes":""},"class_list":["post-45","page","type-page","status-publish","hentry"],"acf":[],"yoast_head":"<!-- This site is optimized with the Yoast SEO plugin v26.5 - https:\/\/yoast.com\/wordpress\/plugins\/seo\/ -->\n<title>Legal information - SOLUTEC - EN<\/title>\n<meta name=\"robots\" content=\"index, follow, max-snippet:-1, max-image-preview:large, max-video-preview:-1\" \/>\n<link rel=\"canonical\" href=\"https:\/\/www.solutec.fr\/en\/legal-information\/\" \/>\n<meta property=\"og:locale\" content=\"en_GB\" \/>\n<meta property=\"og:type\" content=\"article\" \/>\n<meta property=\"og:title\" content=\"Legal information - SOLUTEC - EN\" \/>\n<meta property=\"og:description\" content=\"Les pr\u00e9sentes Conditions G\u00e9n\u00e9rales d&#8217;Utilisation ont pour objet de d\u00e9finir les modalit\u00e9s d&#8217;acc\u00e8s et d&#8217;utilisation du site web&nbsp;https:\/\/www.solutec.fr. La consultation de ce site est subordonn\u00e9e \u00e0 l&#8217;acceptation int\u00e9grale et au respect des pr\u00e9sentes Conditions G\u00e9n\u00e9rales d&#8217;Utilisation que SOLUTEC se r\u00e9serve le droit de modifier ou de mettre \u00e0 jour \u00e0 tout moment. EDITEUR DU SITE [&hellip;]\" \/>\n<meta property=\"og:url\" content=\"https:\/\/www.solutec.fr\/en\/legal-information\/\" \/>\n<meta property=\"og:site_name\" content=\"SOLUTEC - EN\" \/>\n<meta property=\"article:modified_time\" content=\"2019-03-06T16:39:00+00:00\" \/>\n<meta name=\"twitter:card\" content=\"summary_large_image\" \/>\n<meta name=\"twitter:label1\" content=\"Estimated reading time\" \/>\n\t<meta name=\"twitter:data1\" content=\"6 minutes\" \/>\n<script type=\"application\/ld+json\" class=\"yoast-schema-graph\">{\"@context\":\"https:\/\/schema.org\",\"@graph\":[{\"@type\":\"WebPage\",\"@id\":\"https:\/\/www.solutec.fr\/en\/legal-information\/\",\"url\":\"https:\/\/www.solutec.fr\/en\/legal-information\/\",\"name\":\"Legal information - SOLUTEC - EN\",\"isPartOf\":{\"@id\":\"https:\/\/www.solutec.fr\/en\/#website\"},\"datePublished\":\"2018-04-12T11:46:44+00:00\",\"dateModified\":\"2019-03-06T16:39:00+00:00\",\"breadcrumb\":{\"@id\":\"https:\/\/www.solutec.fr\/en\/legal-information\/#breadcrumb\"},\"inLanguage\":\"en-GB\",\"potentialAction\":[{\"@type\":\"ReadAction\",\"target\":[\"https:\/\/www.solutec.fr\/en\/legal-information\/\"]}]},{\"@type\":\"BreadcrumbList\",\"@id\":\"https:\/\/www.solutec.fr\/en\/legal-information\/#breadcrumb\",\"itemListElement\":[{\"@type\":\"ListItem\",\"position\":1,\"name\":\"Accueil\",\"item\":\"https:\/\/www.solutec.fr\/en\/\"},{\"@type\":\"ListItem\",\"position\":2,\"name\":\"Legal information\"}]},{\"@type\":\"WebSite\",\"@id\":\"https:\/\/www.solutec.fr\/en\/#website\",\"url\":\"https:\/\/www.solutec.fr\/en\/\",\"name\":\"SOLUTEC - EN\",\"description\":\"\",\"potentialAction\":[{\"@type\":\"SearchAction\",\"target\":{\"@type\":\"EntryPoint\",\"urlTemplate\":\"https:\/\/www.solutec.fr\/en\/?s={search_term_string}\"},\"query-input\":{\"@type\":\"PropertyValueSpecification\",\"valueRequired\":true,\"valueName\":\"search_term_string\"}}],\"inLanguage\":\"en-GB\"}]}<\/script>\n<!-- \/ Yoast SEO plugin. -->","yoast_head_json":{"title":"Legal information - SOLUTEC - EN","robots":{"index":"index","follow":"follow","max-snippet":"max-snippet:-1","max-image-preview":"max-image-preview:large","max-video-preview":"max-video-preview:-1"},"canonical":"https:\/\/www.solutec.fr\/en\/legal-information\/","og_locale":"en_GB","og_type":"article","og_title":"Legal information - SOLUTEC - EN","og_description":"Les pr\u00e9sentes Conditions G\u00e9n\u00e9rales d&#8217;Utilisation ont pour objet de d\u00e9finir les modalit\u00e9s d&#8217;acc\u00e8s et d&#8217;utilisation du site web&nbsp;https:\/\/www.solutec.fr. La consultation de ce site est subordonn\u00e9e \u00e0 l&#8217;acceptation int\u00e9grale et au respect des pr\u00e9sentes Conditions G\u00e9n\u00e9rales d&#8217;Utilisation que SOLUTEC se r\u00e9serve le droit de modifier ou de mettre \u00e0 jour \u00e0 tout moment. EDITEUR DU SITE [&hellip;]","og_url":"https:\/\/www.solutec.fr\/en\/legal-information\/","og_site_name":"SOLUTEC - EN","article_modified_time":"2019-03-06T16:39:00+00:00","twitter_card":"summary_large_image","twitter_misc":{"Estimated reading time":"6 minutes"},"schema":{"@context":"https:\/\/schema.org","@graph":[{"@type":"WebPage","@id":"https:\/\/www.solutec.fr\/en\/legal-information\/","url":"https:\/\/www.solutec.fr\/en\/legal-information\/","name":"Legal information - SOLUTEC - EN","isPartOf":{"@id":"https:\/\/www.solutec.fr\/en\/#website"},"datePublished":"2018-04-12T11:46:44+00:00","dateModified":"2019-03-06T16:39:00+00:00","breadcrumb":{"@id":"https:\/\/www.solutec.fr\/en\/legal-information\/#breadcrumb"},"inLanguage":"en-GB","potentialAction":[{"@type":"ReadAction","target":["https:\/\/www.solutec.fr\/en\/legal-information\/"]}]},{"@type":"BreadcrumbList","@id":"https:\/\/www.solutec.fr\/en\/legal-information\/#breadcrumb","itemListElement":[{"@type":"ListItem","position":1,"name":"Accueil","item":"https:\/\/www.solutec.fr\/en\/"},{"@type":"ListItem","position":2,"name":"Legal information"}]},{"@type":"WebSite","@id":"https:\/\/www.solutec.fr\/en\/#website","url":"https:\/\/www.solutec.fr\/en\/","name":"SOLUTEC - EN","description":"","potentialAction":[{"@type":"SearchAction","target":{"@type":"EntryPoint","urlTemplate":"https:\/\/www.solutec.fr\/en\/?s={search_term_string}"},"query-input":{"@type":"PropertyValueSpecification","valueRequired":true,"valueName":"search_term_string"}}],"inLanguage":"en-GB"}]}},"_links":{"self":[{"href":"https:\/\/www.solutec.fr\/en\/wp-json\/wp\/v2\/pages\/45","targetHints":{"allow":["GET"]}}],"collection":[{"href":"https:\/\/www.solutec.fr\/en\/wp-json\/wp\/v2\/pages"}],"about":[{"href":"https:\/\/www.solutec.fr\/en\/wp-json\/wp\/v2\/types\/page"}],"author":[{"embeddable":true,"href":"https:\/\/www.solutec.fr\/en\/wp-json\/wp\/v2\/users\/1"}],"replies":[{"embeddable":true,"href":"https:\/\/www.solutec.fr\/en\/wp-json\/wp\/v2\/comments?post=45"}],"version-history":[{"count":22,"href":"https:\/\/www.solutec.fr\/en\/wp-json\/wp\/v2\/pages\/45\/revisions"}],"predecessor-version":[{"id":2966,"href":"https:\/\/www.solutec.fr\/en\/wp-json\/wp\/v2\/pages\/45\/revisions\/2966"}],"wp:attachment":[{"href":"https:\/\/www.solutec.fr\/en\/wp-json\/wp\/v2\/media?parent=45"}],"curies":[{"name":"wp","href":"https:\/\/api.w.org\/{rel}","templated":true}]}}